{"id":20056,"date":"2014-05-20T07:51:11","date_gmt":"2014-05-20T07:51:11","guid":{"rendered":"https:\/\/axolotsolutions.com\/home\/"},"modified":"2023-10-17T15:10:45","modified_gmt":"2023-10-17T15:10:45","slug":"home","status":"publish","type":"page","link":"https:\/\/axolotsolutions.com\/en\/","title":{"rendered":"Home"},"content":{"rendered":"<div class=\"wpb-content-wrapper\"><p>[vc_row css_animation=&#8221;&#8221; row_type=&#8221;row&#8221; use_row_as_full_screen_section=&#8221;no&#8221; type=&#8221;grid&#8221; angled_section=&#8221;no&#8221; text_align=&#8221;left&#8221; background_image_as_pattern=&#8221;without_pattern&#8221; background_color=&#8221;#ffffff&#8221; padding_top=&#8221;80&#8243; padding_bottom=&#8221;80&#8243; z_index=&#8221;&#8221;][vc_column][vc_column_text]<\/p>\n<h1>In focus<\/h1>\n<p>[\/vc_column_text][vc_empty_space]<div class='projects_holder_outer v4 portfolio_with_space portfolio_standard'>\n        <div class='projects_holder portfolio_main_holder clearfix v4 standard portfolio_square_image slide_from_top'>\n        \n        <p>Sorry, no posts matched your criteria.<\/p>    <\/div>\n\n    \n    <\/div>[vc_column_text]<\/p>\n<p style=\"text-align: right;\"><strong><a href=\"https:\/\/axolotsolutions.com\/en\/in-focus\/\">G\u00e5 till arkiv<\/a><\/strong><\/p>\n<p>[\/vc_column_text][\/vc_column][\/vc_row][vc_row css_animation=&#8221;&#8221; row_type=&#8221;row&#8221; use_row_as_full_screen_section=&#8221;no&#8221; type=&#8221;grid&#8221; angled_section=&#8221;no&#8221; text_align=&#8221;left&#8221; background_image_as_pattern=&#8221;without_pattern&#8221; padding_top=&#8221;80&#8243; padding_bottom=&#8221;80&#8243; z_index=&#8221;&#8221;][vc_column][vc_column_text]<\/p>\n<h1>News<\/h1>\n<p>[\/vc_column_text][vc_empty_space][vc_column_text]<div class='axolot_news_container'><div class='axolot_news_filters'><form action='https:\/\/axolotsolutions.com\/en\/wp-json\/wp\/v2' method='GET'><label><input type='radio' onchange='this.form.submit()' value='all' name='news_filter' checked\/>ALLA<\/label><label><input type='radio' name='news_filter' onchange='this.form.submit()' value='regulatory' >REGULATORISK INFORMATION<\/label><\/form><\/div><div class='axolot_news'><i>2026-05-05<\/i><h4><a href=\"https:\/\/axolotsolutions.com\/en\/investerare\/press-news\/kommunike-fran-arsstamma-i-axolot-solutions-holding-ab-publ-den-5-maj-2026\/\" title=\"Kommunik\u00e9 fr\u00e5n \u00e5rsst\u00e4mma i Axolot Solutions Holding AB (publ) den 5 maj 2026\">Kommunik\u00e9 fr\u00e5n \u00e5rsst\u00e4mma i Axolot Solutions Holding AB (publ) den 5 maj 2026<\/a><\/h4>Idag, den 5 maj 2026, h\u00f6lls \u00e5rsst\u00e4mma i Axolot Solutions Holding AB (publ). Nedan f\u00f6ljer en sammanfattning av de huvudsakliga beslut som fattades. Samtliga beslut fattades med erforderlig majoritet.Fastst\u00e4llande av resultat- och balansr\u00e4kning samt beslut om resultatdisposition \u00c5rsst\u00e4mman fastst\u00e4llde Axolot...<br \/><a href='https:\/\/axolotsolutions.com\/en\/investerare\/press-news\/kommunike-fran-arsstamma-i-axolot-solutions-holding-ab-publ-den-5-maj-2026\/'>L\u00e4s mer<\/a><\/div><div class='axolot_news'><i>2026-04-29<\/i><h4><a href=\"https:\/\/axolotsolutions.com\/en\/investerare\/press-news\/axolot-solutions-holding-ab-publ-delarsrapport-januari-mars-2026\/\" title=\"Axolot Solutions Holding AB (publ) &#8211; Del\u00e5rsrapport Januari-Mars 2026\">Axolot Solutions Holding AB (publ) &#8211; Del\u00e5rsrapport Januari-Mars 2026<\/a><\/h4>Fortsatt fokus p\u00e5 etablering i Sydamerika samtidigt som p\u00e5g\u00e5ende uppstart av den f\u00f6r referensv\u00e4rdet viktiga AxoPur anl\u00e4ggningen vid Aspa Bruk tilldrar sig stort intresse.Sammandrag av f\u00f6rsta kvartalet 2026 V\u00e4sentliga h\u00e4ndelser under f\u00f6rsta kvartalet Marknaden f\u00f6ljer med intresse p\u00e5g\u00e5ende installation och...<br \/><a href='https:\/\/axolotsolutions.com\/en\/investerare\/press-news\/axolot-solutions-holding-ab-publ-delarsrapport-januari-mars-2026\/'>L\u00e4s mer<\/a><\/div><div class='axolot_news'><i>2026-04-07<\/i><h4><a href=\"https:\/\/axolotsolutions.com\/en\/investerare\/press-news\/axolot-solutions-holding-ab-publ-publicerar-arsredovisningen-for-2025\/\" title=\"Axolot Solutions Holding AB (publ) publicerar \u00e5rsredovisningen f\u00f6r 2025\">Axolot Solutions Holding AB (publ) publicerar \u00e5rsredovisningen f\u00f6r 2025<\/a><\/h4>Axolot Solutions Holding AB meddelar att \u00e5rsredovisningen nu finns tillg\u00e4nglig p\u00e5 bolagets hemsida: axolotsolutions.com\/investerare\/rapporter\/. F\u00f6r ytterligare information, v\u00e4nligen kontakta: Anders Lundin, VD Axolot Solutions Holding AB, 070&nbsp;323 11 06 eller anders.lundin@axolotsolutions.comDokument &amp; l\u00e4nkarAxolot Solutions Holding AB (publ) publicerar \u00e5rsredovisningen f\u00f6r...<br \/><a href='https:\/\/axolotsolutions.com\/en\/investerare\/press-news\/axolot-solutions-holding-ab-publ-publicerar-arsredovisningen-for-2025\/'>L\u00e4s mer<\/a><\/div><\/div>[\/vc_column_text][\/vc_column][\/vc_row][vc_row css_animation=&#8221;&#8221; row_type=&#8221;row&#8221; use_row_as_full_screen_section=&#8221;no&#8221; type=&#8221;full_width&#8221; in_content_menu=&#8221;in_content_menu&#8221; content_menu_icon=&#8221;&#8221; angled_section=&#8221;no&#8221; text_align=&#8221;left&#8221; background_image_as_pattern=&#8221;without_pattern&#8221; z_index=&#8221;&#8221;][vc_column]<div class=\"call_to_action normal\" style=\"background-color: #61207a;padding-top: 70px;padding-bottom: 70px;\"><div class=\"container_inner\"><div class=\"two_columns_75_25 clearfix\"><div class=\"text_wrapper column1\"><div class=\"call_to_action_text \" style=\"\">Please feel free to contact us via our form, email, or phone.<\/div><\/div><div class=\"button_wrapper column2\"><a itemprop=\"url\" href=\"\/en\/contact\" class=\"qbutton white \" target=\"\" style=\"color: #61207a;border-color: #61207a;background-color:#ffffff;\" data-hover-background-color=#61207a data-hover-border-color=#ffffff data-hover-color=#ffffff>contact<\/a><\/div><\/div><\/div><\/div>[\/vc_column][\/vc_row][vc_row css_animation=&#8221;&#8221; row_type=&#8221;row&#8221; use_row_as_full_screen_section=&#8221;no&#8221; type=&#8221;grid&#8221; angled_section=&#8221;no&#8221; text_align=&#8221;left&#8221; background_image_as_pattern=&#8221;without_pattern&#8221; anchor=&#8221;news&#8221; z_index=&#8221;&#8221; padding_bottom=&#8221;120&#8243; padding_top=&#8221;120&#8243;][vc_column][vc_row_inner row_type=&#8221;row&#8221; type=&#8221;full_width&#8221; text_align=&#8221;left&#8221; css_animation=&#8221;&#8221;][vc_column_inner offset=&#8221;vc_hidden-lg vc_hidden-md vc_hidden-sm vc_hidden-xs&#8221;][qode_elements_holder number_of_columns=&#8221;two_columns&#8221; custom_class=&#8221;custom_holder_reverse_order&#8221;][qode_elements_holder_item vertical_alignment=&#8221;top&#8221; horizontal_alignment=&#8221;left&#8221; advanced_animations=&#8221;no&#8221; item_padding=&#8221;0% 5% 2% 5%&#8221;][vc_column_text]<\/p>\n<h1>Axolot Solutions deliver solutions!<\/h1>\n<p>[\/vc_column_text][vc_empty_space height=&#8221;10px&#8221;][vc_column_text]&#8221;We provide a solution for purification and circulation of water that is more cost-effective than any other solution on the market, and customers are discovering this,&#8221; says Lennart Holm in his interview as CEO in Dagens PS.[\/vc_column_text][vc_empty_space height=&#8221;20px&#8221;]<a  itemprop=\"url\" href=\"\/en\/our-technology\/\" target=\"_self\"  class=\"qbutton  default\" style=\"\">Read more<\/a>[\/qode_elements_holder_item][qode_elements_holder_item vertical_alignment=&#8221;top&#8221; horizontal_alignment=&#8221;left&#8221; advanced_animations=&#8221;no&#8221; item_padding=&#8221;0% 0% 5% 0%&#8221;]<div class=\"qode_video_box\">\n\t<a itemprop=\"image\" class=\"qode_video_image\" href=\"https:\/\/youtu.be\/25pjk5rTMkA\" data-rel=\"prettyPhoto\">\n\t\t\t\t\t<img loading=\"lazy\" decoding=\"async\" width=\"2560\" height=\"1440\" src=\"https:\/\/axolotsolutions.com\/wp-content\/uploads\/2022\/06\/axolot-dagens-ps.png\" class=\"attachment-full size-full\" alt=\"\" srcset=\"https:\/\/axolotsolutions.com\/wp-content\/uploads\/2022\/06\/axolot-dagens-ps.png 2560w, https:\/\/axolotsolutions.com\/wp-content\/uploads\/2022\/06\/axolot-dagens-ps-300x169.png 300w, https:\/\/axolotsolutions.com\/wp-content\/uploads\/2022\/06\/axolot-dagens-ps-768x432.png 768w, https:\/\/axolotsolutions.com\/wp-content\/uploads\/2022\/06\/axolot-dagens-ps-1024x576.png 1024w, https:\/\/axolotsolutions.com\/wp-content\/uploads\/2022\/06\/axolot-dagens-ps-700x394.png 700w, https:\/\/axolotsolutions.com\/wp-content\/uploads\/2022\/06\/axolot-dagens-ps-539x303.png 539w\" sizes=\"auto, (max-width: 2560px) 100vw, 2560px\" \/>\t\t\t<span class=\"qode_video_box_button_holder\">\n\t\t\t\t<span class=\"qode_video_box_button\">\n\t\t\t\t\t<span class=\"qode_video_box_button_arrow\">\n\t\t\t\t\t<\/span>\n\t\t\t\t<\/span>\n\t\t\t<\/span>\n\t\t\t<\/a>\n<\/div>[\/qode_elements_holder_item][\/qode_elements_holder][\/vc_column_inner][\/vc_row_inner][vc_row_inner row_type=&#8221;row&#8221; type=&#8221;full_width&#8221; text_align=&#8221;left&#8221; css_animation=&#8221;&#8221; padding_bottom=&#8221;120&#8243;][vc_column_inner][qode_elements_holder number_of_columns=&#8221;two_columns&#8221; custom_class=&#8221;custom_holder_reverse_order&#8221;][qode_elements_holder_item vertical_alignment=&#8221;top&#8221; horizontal_alignment=&#8221;left&#8221; advanced_animations=&#8221;no&#8221; item_padding=&#8221;0% 5% 2% 5%&#8221;][vc_column_text]<\/p>\n<h1>Axolot Solutions illustrates AxoPur<sup>\u00ae<\/sup> unit in operation<\/h1>\n<p>[\/vc_column_text][vc_empty_space height=&#8221;10px&#8221;][vc_column_text]Today, Axolot can offer highly efficient purification of a wide range of process water, which in turn enables recirculation and reduction of water consumption. Axolot can provide facilities with a capacity ranging from 1 up to more than 500 m<sup>3<\/sup> per hour.[\/vc_column_text][vc_empty_space height=&#8221;20px&#8221;]<a  itemprop=\"url\" href=\"\/en\/our-technology\/\" target=\"_self\"  class=\"qbutton  default\" style=\"\">Read more<\/a>[\/qode_elements_holder_item][qode_elements_holder_item vertical_alignment=&#8221;top&#8221; horizontal_alignment=&#8221;left&#8221; advanced_animations=&#8221;no&#8221; item_padding=&#8221;0% 0% 5% 0%&#8221;]<div class=\"qode_video_box\">\n\t<a itemprop=\"image\" class=\"qode_video_image\" href=\"https:\/\/vimeo.com\/625302269\" data-rel=\"prettyPhoto\">\n\t\t\t\t\t<img loading=\"lazy\" decoding=\"async\" width=\"960\" height=\"540\" src=\"https:\/\/axolotsolutions.com\/wp-content\/uploads\/2023\/02\/axolot-axopur-film-cover.jpg\" class=\"attachment-full size-full\" alt=\"\" srcset=\"https:\/\/axolotsolutions.com\/wp-content\/uploads\/2023\/02\/axolot-axopur-film-cover.jpg 960w, https:\/\/axolotsolutions.com\/wp-content\/uploads\/2023\/02\/axolot-axopur-film-cover-300x169.jpg 300w, https:\/\/axolotsolutions.com\/wp-content\/uploads\/2023\/02\/axolot-axopur-film-cover-768x432.jpg 768w, https:\/\/axolotsolutions.com\/wp-content\/uploads\/2023\/02\/axolot-axopur-film-cover-700x394.jpg 700w, https:\/\/axolotsolutions.com\/wp-content\/uploads\/2023\/02\/axolot-axopur-film-cover-539x303.jpg 539w\" sizes=\"auto, (max-width: 960px) 100vw, 960px\" \/>\t\t\t<span class=\"qode_video_box_button_holder\">\n\t\t\t\t<span class=\"qode_video_box_button\">\n\t\t\t\t\t<span class=\"qode_video_box_button_arrow\">\n\t\t\t\t\t<\/span>\n\t\t\t\t<\/span>\n\t\t\t<\/span>\n\t\t\t<\/a>\n<\/div>[\/qode_elements_holder_item][\/qode_elements_holder][\/vc_column_inner][\/vc_row_inner][vc_row_inner row_type=&#8221;row&#8221; type=&#8221;full_width&#8221; text_align=&#8221;left&#8221; css_animation=&#8221;&#8221; padding_bottom=&#8221;0&#8243;][vc_column_inner][qode_elements_holder number_of_columns=&#8221;two_columns&#8221; custom_class=&#8221;custom_holder_reverse_order&#8221;][qode_elements_holder_item vertical_alignment=&#8221;top&#8221; horizontal_alignment=&#8221;left&#8221; advanced_animations=&#8221;no&#8221; item_padding=&#8221;0% 5% 2% 5%&#8221;][vc_column_text]<\/p>\n<h1>The water issue is a serious one!<\/h1>\n<p>[\/vc_column_text][vc_empty_space height=&#8221;10px&#8221;][vc_column_text]Would you have reacted if 16 hectares of land around a business were completely dead? If the same thing happens beneath the surface, it&#8217;s something few of us see &#8211; but nevertheless, it&#8217;s true. Here&#8217;s an important film to watch to understand the scope of the challenges that our society faces. One thing is certain: Water is threatened and we must take the water issue seriously now &#8211; politics, industry, and we as citizens.[\/vc_column_text][vc_empty_space height=&#8221;20px&#8221;]<a  itemprop=\"url\" href=\"\/en\/industry-solutions\/\" target=\"_self\"  class=\"qbutton  default\" style=\"\">Read more<\/a>[\/qode_elements_holder_item][qode_elements_holder_item vertical_alignment=&#8221;top&#8221; horizontal_alignment=&#8221;left&#8221; advanced_animations=&#8221;no&#8221; item_padding=&#8221;0% 0% 5% 0%&#8221;]<div class=\"qode_video_box\">\n\t<a itemprop=\"image\" class=\"qode_video_image\" href=\"https:\/\/youtu.be\/68RUEA67dtw\" data-rel=\"prettyPhoto\">\n\t\t\t\t\t<img loading=\"lazy\" decoding=\"async\" width=\"1280\" height=\"720\" src=\"https:\/\/axolotsolutions.com\/wp-content\/uploads\/2021\/01\/vattern-film.jpg\" class=\"attachment-full size-full\" alt=\"\" srcset=\"https:\/\/axolotsolutions.com\/wp-content\/uploads\/2021\/01\/vattern-film.jpg 1280w, https:\/\/axolotsolutions.com\/wp-content\/uploads\/2021\/01\/vattern-film-300x169.jpg 300w, https:\/\/axolotsolutions.com\/wp-content\/uploads\/2021\/01\/vattern-film-768x432.jpg 768w, https:\/\/axolotsolutions.com\/wp-content\/uploads\/2021\/01\/vattern-film-1024x576.jpg 1024w, https:\/\/axolotsolutions.com\/wp-content\/uploads\/2021\/01\/vattern-film-700x394.jpg 700w, https:\/\/axolotsolutions.com\/wp-content\/uploads\/2021\/01\/vattern-film-539x303.jpg 539w\" sizes=\"auto, (max-width: 1280px) 100vw, 1280px\" \/>\t\t\t<span class=\"qode_video_box_button_holder\">\n\t\t\t\t<span class=\"qode_video_box_button\">\n\t\t\t\t\t<span class=\"qode_video_box_button_arrow\">\n\t\t\t\t\t<\/span>\n\t\t\t\t<\/span>\n\t\t\t<\/span>\n\t\t\t<\/a>\n<\/div>[\/qode_elements_holder_item][\/qode_elements_holder][\/vc_column_inner][\/vc_row_inner][\/vc_column][\/vc_row][vc_row css_animation=&#8221;&#8221; row_type=&#8221;row&#8221; use_row_as_full_screen_section=&#8221;no&#8221; type=&#8221;full_width&#8221; angled_section=&#8221;no&#8221; text_align=&#8221;left&#8221; background_image_as_pattern=&#8221;without_pattern&#8221; anchor=&#8221;focus&#8221; background_color=&#8221;#ffffff&#8221; z_index=&#8221;&#8221;][vc_column][qode_elements_holder number_of_columns=&#8221;two_columns&#8221;][qode_elements_holder_item vertical_alignment=&#8221;middle&#8221; horizontal_alignment=&#8221;right&#8221; advanced_animations=&#8221;no&#8221;][vc_single_image image=&#8221;18916&#8243; img_size=&#8221;1100&#215;600&#8243; qode_css_animation=&#8221;&#8221;][\/qode_elements_holder_item][qode_elements_holder_item vertical_alignment=&#8221;middle&#8221; horizontal_alignment=&#8221;left&#8221; advanced_animations=&#8221;no&#8221; item_padding=&#8221;5% 10% 5% 10%&#8221;][vc_column_text]<\/p>\n<h1>Did you know this about water?<\/h1>\n<p>[\/vc_column_text][vc_empty_space height=&#8221;10px&#8221;][vc_column_text]Water is crucial for life. In the scientific search for life in the solar system, water is what they are looking for. Life simply cannot exist without water.[\/vc_column_text][vc_empty_space height=&#8221;20px&#8221;]<a  itemprop=\"url\" href=\"\/en\/water\/\" target=\"_self\"  class=\"qbutton  default\" style=\"\">Read more<\/a>[\/qode_elements_holder_item][\/qode_elements_holder][\/vc_column][\/vc_row][vc_row css_animation=&#8221;&#8221; row_type=&#8221;row&#8221; use_row_as_full_screen_section=&#8221;no&#8221; type=&#8221;full_width&#8221; angled_section=&#8221;no&#8221; text_align=&#8221;left&#8221; background_image_as_pattern=&#8221;without_pattern&#8221; anchor=&#8221;focus&#8221; background_color=&#8221;#ffffff&#8221; z_index=&#8221;&#8221; css=&#8221;.vc_custom_1677833103443{background-color: #ffffff !important;}&#8221;][vc_column][qode_elements_holder number_of_columns=&#8221;two_columns&#8221; custom_class=&#8221;custom_holder_reverse_order&#8221;][qode_elements_holder_item vertical_alignment=&#8221;middle&#8221; horizontal_alignment=&#8221;left&#8221; advanced_animations=&#8221;no&#8221; item_padding=&#8221;5% 10% 5% 10%&#8221;][vc_column_text]<\/p>\n<h1>Pollution<\/h1>\n<p>[\/vc_column_text][vc_empty_space height=&#8221;10px&#8221;][vc_column_text]When purifying wastewater, it is important to know what pollutants are present in the water and which of them are critical to remove.[\/vc_column_text][vc_empty_space height=&#8221;20px&#8221;]<a  itemprop=\"url\" href=\"\/en\/pollution\/\" target=\"_self\"  class=\"qbutton  default\" style=\"\">Read more<\/a>[\/qode_elements_holder_item][qode_elements_holder_item vertical_alignment=&#8221;middle&#8221; horizontal_alignment=&#8221;left&#8221; advanced_animations=&#8221;no&#8221;][vc_single_image image=&#8221;18914&#8243; img_size=&#8221;1100&#215;600&#8243; qode_css_animation=&#8221;&#8221;][\/qode_elements_holder_item][\/qode_elements_holder][\/vc_column][\/vc_row][vc_row css_animation=&#8221;&#8221; row_type=&#8221;row&#8221; use_row_as_full_screen_section=&#8221;no&#8221; type=&#8221;full_width&#8221; angled_section=&#8221;no&#8221; text_align=&#8221;left&#8221; background_image_as_pattern=&#8221;without_pattern&#8221; anchor=&#8221;focus&#8221; background_color=&#8221;#ffffff&#8221; z_index=&#8221;&#8221;][vc_column][qode_elements_holder number_of_columns=&#8221;two_columns&#8221;][qode_elements_holder_item vertical_alignment=&#8221;middle&#8221; horizontal_alignment=&#8221;left&#8221; advanced_animations=&#8221;no&#8221;][vc_single_image image=&#8221;18915&#8243; img_size=&#8221;1100&#215;600&#8243; qode_css_animation=&#8221;&#8221;][\/qode_elements_holder_item][qode_elements_holder_item vertical_alignment=&#8221;middle&#8221; horizontal_alignment=&#8221;left&#8221; advanced_animations=&#8221;no&#8221; item_padding=&#8221;5% 10% 5% 10%&#8221;][vc_column_text]<\/p>\n<h1>This is how our technology works<\/h1>\n<p>[\/vc_column_text][vc_empty_space height=&#8221;10px&#8221;][vc_column_text]The core of our offerings is AxoPur &#8211; a continuous process based on the principles of electrocoagulation, whereby dirty water becomes clean.[\/vc_column_text][vc_empty_space height=&#8221;20px&#8221;]<a  itemprop=\"url\" href=\"\/en\/our-technology\/\" target=\"_self\"  class=\"qbutton  default\" style=\"\">Read more<\/a>[\/qode_elements_holder_item][\/qode_elements_holder][\/vc_column][\/vc_row][vc_row css_animation=&#8221;&#8221; row_type=&#8221;row&#8221; use_row_as_full_screen_section=&#8221;no&#8221; type=&#8221;full_width&#8221; angled_section=&#8221;no&#8221; text_align=&#8221;left&#8221; background_image_as_pattern=&#8221;without_pattern&#8221; anchor=&#8221;focus&#8221; background_color=&#8221;#ffffff&#8221; z_index=&#8221;&#8221; css=&#8221;.vc_custom_1677833103443{background-color: #ffffff !important;}&#8221;][vc_column][qode_elements_holder number_of_columns=&#8221;two_columns&#8221; custom_class=&#8221;custom_holder_reverse_order&#8221;][qode_elements_holder_item vertical_alignment=&#8221;middle&#8221; horizontal_alignment=&#8221;left&#8221; advanced_animations=&#8221;no&#8221; item_padding=&#8221;5% 10% 5% 10%&#8221;][vc_column_text]<\/p>\n<h1>Unique industry solutions.<\/h1>\n<p>[\/vc_column_text][vc_empty_space height=&#8221;10px&#8221;][vc_column_text]Axolot Solutions is a solution-oriented company that tailors purification solutions for industrial water with the self-developed AxoPur technology at its core.[\/vc_column_text][vc_empty_space height=&#8221;20px&#8221;]<a  itemprop=\"url\" href=\"\/en\/industry-solutions\/\" target=\"_self\"  class=\"qbutton  default\" style=\"\">Read more<\/a>[\/qode_elements_holder_item][qode_elements_holder_item vertical_alignment=&#8221;middle&#8221; horizontal_alignment=&#8221;left&#8221; advanced_animations=&#8221;no&#8221;][vc_single_image image=&#8221;19009&#8243; img_size=&#8221;1100&#215;600&#8243; qode_css_animation=&#8221;&#8221;][\/qode_elements_holder_item][\/qode_elements_holder][\/vc_column][\/vc_row]<\/p>\n<\/div>","protected":false},"excerpt":{"rendered":"<p>[vc_row css_animation=&#8221;&#8221; row_type=&#8221;row&#8221; use_row_as_full_screen_section=&#8221;no&#8221; type=&#8221;grid&#8221; angled_section=&#8221;no&#8221; text_align=&#8221;left&#8221; background_image_as_pattern=&#8221;without_pattern&#8221; background_color=&#8221;#ffffff&#8221; padding_top=&#8221;80&#8243; padding_bottom=&#8221;80&#8243; z_index=&#8221;&#8221;][vc_column][vc_column_text] In focus [\/vc_column_text][vc_empty_space][vc_column_text] G\u00e5 till arkiv [\/vc_column_text][\/vc_column][\/vc_row][vc_row css_animation=&#8221;&#8221; row_type=&#8221;row&#8221; use_row_as_full_screen_section=&#8221;no&#8221; type=&#8221;grid&#8221; angled_section=&#8221;no&#8221; text_align=&#8221;left&#8221; background_image_as_pattern=&#8221;without_pattern&#8221; padding_top=&#8221;80&#8243; padding_bottom=&#8221;80&#8243; z_index=&#8221;&#8221;][vc_column][vc_column_text] News [\/vc_column_text][vc_empty_space][vc_column_text][\/vc_column_text][\/vc_column][\/vc_row][vc_row css_animation=&#8221;&#8221; row_type=&#8221;row&#8221; use_row_as_full_screen_section=&#8221;no&#8221; type=&#8221;full_width&#8221; in_content_menu=&#8221;in_content_menu&#8221; content_menu_icon=&#8221;&#8221; angled_section=&#8221;no&#8221; text_align=&#8221;left&#8221; background_image_as_pattern=&#8221;without_pattern&#8221; z_index=&#8221;&#8221;][vc_column][\/vc_column][\/vc_row][vc_row css_animation=&#8221;&#8221; row_type=&#8221;row&#8221; use_row_as_full_screen_section=&#8221;no&#8221; type=&#8221;grid&#8221;&#8230;<\/p>\n","protected":false},"author":2,"featured_media":19669,"parent":0,"menu_order":1,"comment_status":"open","ping_status":"open","template":"full_width.php","meta":{"footnotes":""},"class_list":["post-20056","page","type-page","status-publish","has-post-thumbnail","hentry"],"_links":{"self":[{"href":"https:\/\/axolotsolutions.com\/en\/wp-json\/wp\/v2\/pages\/20056","targetHints":{"allow":["GET"]}}],"collection":[{"href":"https:\/\/axolotsolutions.com\/en\/wp-json\/wp\/v2\/pages"}],"about":[{"href":"https:\/\/axolotsolutions.com\/en\/wp-json\/wp\/v2\/types\/page"}],"author":[{"embeddable":true,"href":"https:\/\/axolotsolutions.com\/en\/wp-json\/wp\/v2\/users\/2"}],"replies":[{"embeddable":true,"href":"https:\/\/axolotsolutions.com\/en\/wp-json\/wp\/v2\/comments?post=20056"}],"version-history":[{"count":19,"href":"https:\/\/axolotsolutions.com\/en\/wp-json\/wp\/v2\/pages\/20056\/revisions"}],"predecessor-version":[{"id":20454,"href":"https:\/\/axolotsolutions.com\/en\/wp-json\/wp\/v2\/pages\/20056\/revisions\/20454"}],"wp:featuredmedia":[{"embeddable":true,"href":"https:\/\/axolotsolutions.com\/en\/wp-json\/wp\/v2\/media\/19669"}],"wp:attachment":[{"href":"https:\/\/axolotsolutions.com\/en\/wp-json\/wp\/v2\/media?parent=20056"}],"curies":[{"name":"wp","href":"https:\/\/api.w.org\/{rel}","templated":true}]}}