{"id":20298,"date":"2018-07-31T09:25:10","date_gmt":"2018-07-31T09:25:10","guid":{"rendered":"https:\/\/axolotsolutions.com\/investors\/news-press-releases\/"},"modified":"2023-04-26T13:21:07","modified_gmt":"2023-04-26T13:21:07","slug":"news-press-releases","status":"publish","type":"page","link":"https:\/\/axolotsolutions.com\/en\/investors\/news-press-releases\/","title":{"rendered":"News \/ press releases"},"content":{"rendered":"<div class=\"wpb-content-wrapper\"><p>[vc_row css_animation=&#8221;&#8221; row_type=&#8221;row&#8221; use_row_as_full_screen_section=&#8221;no&#8221; type=&#8221;full_width&#8221; angled_section=&#8221;no&#8221; text_align=&#8221;left&#8221; background_image_as_pattern=&#8221;without_pattern&#8221; css=&#8221;.vc_custom_1533816049947{padding-top: 40px !important;padding-bottom: 100px !important;}&#8221; z_index=&#8221;&#8221;][vc_column width=&#8221;1\/4&#8243;][vc_widget_sidebar sidebar_id=&#8221;News left menu&#8221;][\/vc_column][vc_column width=&#8221;1\/2&#8243;][vc_column_text]<\/p>\n<h1>News \/ press releases<\/h1>\n<p>[\/vc_column_text][vc_separator type=&#8221;normal&#8221; up=&#8221;30&#8243; down=&#8221;50&#8243;][vc_column_text]<div class='axolot_news_container'><div class='axolot_news_filters'><form action='https:\/\/axolotsolutions.com\/en\/wp-json\/wp\/v2' method='GET'><label><input type='radio' onchange='this.form.submit()' value='all' name='news_filter' checked\/>ALLA<\/label><label><input type='radio' name='news_filter' onchange='this.form.submit()' value='regulatory' >REGULATORISK INFORMATION<\/label><\/form><\/div><div class='axolot_news'><i>2026-04-07<\/i><h4><a href=\"https:\/\/axolotsolutions.com\/en\/investerare\/press-news\/axolot-solutions-holding-ab-publ-publicerar-arsredovisningen-for-2025\/\" title=\"Axolot Solutions Holding AB (publ) publicerar \u00e5rsredovisningen f\u00f6r 2025\">Axolot Solutions Holding AB (publ) publicerar \u00e5rsredovisningen f\u00f6r 2025<\/a><\/h4>Axolot Solutions Holding AB meddelar att \u00e5rsredovisningen nu finns tillg\u00e4nglig p\u00e5 bolagets hemsida: axolotsolutions.com\/investerare\/rapporter\/. F\u00f6r ytterligare information, v\u00e4nligen kontakta: Anders Lundin, VD Axolot Solutions Holding AB, 070&nbsp;323 11 06 eller anders.lundin@axolotsolutions.comDokument &amp; l\u00e4nkarAxolot Solutions Holding AB (publ) publicerar \u00e5rsredovisningen f\u00f6r...<br \/><a href='https:\/\/axolotsolutions.com\/en\/investerare\/press-news\/axolot-solutions-holding-ab-publ-publicerar-arsredovisningen-for-2025\/'>L\u00e4s mer<\/a><\/div><div class='axolot_news'><i>2026-03-26<\/i><h4><a href=\"https:\/\/axolotsolutions.com\/en\/investerare\/press-news\/kallelse-till-arsstamma-i-axolot-solutions-holding-ab-publ-8\/\" title=\"Kallelse till \u00e5rsst\u00e4mma i Axolot Solutions Holding AB (publ)\">Kallelse till \u00e5rsst\u00e4mma i Axolot Solutions Holding AB (publ)<\/a><\/h4>Aktie\u00e4garna i Axolot Solutions Holding AB (publ), org. nr. 559077-0722, kallas till \u00e5rsst\u00e4mma tisdagen den 5 maj 2026 kl 10:00, i Genetor Kontorshotell p\u00e5 Kungstorget 8 i Helsingborg.R\u00c4TT ATT DELTA OCH ANM\u00c4LAN Den som \u00f6nskar delta i \u00e5rsst\u00e4mman ska: dels...<br \/><a href='https:\/\/axolotsolutions.com\/en\/investerare\/press-news\/kallelse-till-arsstamma-i-axolot-solutions-holding-ab-publ-8\/'>L\u00e4s mer<\/a><\/div><div class='axolot_news'><i>2026-03-02<\/i><h4><a href=\"https:\/\/axolotsolutions.com\/en\/investerare\/press-news\/axolot-solutions-holding-ab-publ-offentliggor-utfallet-av-nyttjandet-av-teckningsoptioner-av-serie-to-5\/\" title=\"Axolot Solutions Holding AB (publ) offentligg\u00f6r utfallet av nyttjandet av teckningsoptioner av serie TO 5\">Axolot Solutions Holding AB (publ) offentligg\u00f6r utfallet av nyttjandet av teckningsoptioner av serie TO 5<\/a><\/h4>Axolot Solutions Holding AB (publ) (\u201dAxolot Holding\u201d eller \u201dBolaget\u201d) offentligg\u00f6r idag utfallet av nyttjandet av teckningsoptioner av serie TO 5 (\u201dTeckningsoptionerna\u201d). Totalt tecknades 14 412 287 aktier med st\u00f6d av Teckningsoptionerna, inneb\u00e4rande en nyttjandegrad om 54,5 procent. Axolot Holding tillf\u00f6rs...<br \/><a href='https:\/\/axolotsolutions.com\/en\/investerare\/press-news\/axolot-solutions-holding-ab-publ-offentliggor-utfallet-av-nyttjandet-av-teckningsoptioner-av-serie-to-5\/'>L\u00e4s mer<\/a><\/div><div class='axolot_news'><i>2026-02-26<\/i><h4><a href=\"https:\/\/axolotsolutions.com\/en\/investerare\/press-news\/styrelse-ledning-och-storre-aktieagare-tecknar-aktier-om-cirka-25-msek-genom-utnyttjande-av-to-5\/\" title=\"Styrelse, ledning och st\u00f6rre aktie\u00e4gare tecknar aktier om cirka 2,5 MSEK genom utnyttjande av TO 5\">Styrelse, ledning och st\u00f6rre aktie\u00e4gare tecknar aktier om cirka 2,5 MSEK genom utnyttjande av TO 5<\/a><\/h4>Axolot Solutions Holding AB (\u201dAxolot Holding\u201d eller \u201dBolaget\u201d) meddelar att styrelseordf\u00f6rande Lennart Holm, styrelseledam\u00f6terna Lars-Erik Johansson och Mats Lindstrand samt teknikchefen Lennart Hagelqvist kommer att utnyttja innehavda teckningsoptioner av serie TO 5 f\u00f6r teckning av nya aktier i Bolaget. Teckning...<br \/><a href='https:\/\/axolotsolutions.com\/en\/investerare\/press-news\/styrelse-ledning-och-storre-aktieagare-tecknar-aktier-om-cirka-25-msek-genom-utnyttjande-av-to-5\/'>L\u00e4s mer<\/a><\/div><div class='axolot_news'><i>2026-02-25<\/i><h4><a href=\"https:\/\/axolotsolutions.com\/en\/investerare\/press-news\/positiv-uppstart-av-axopur-anlaggningen-pa-aspabruk\/\" title=\"Positiv uppstart av AxoPur[\u00ae] anl\u00e4ggningen p\u00e5 Aspabruk\">Positiv uppstart av AxoPur[\u00ae] anl\u00e4ggningen p\u00e5 Aspabruk<\/a><\/h4>AxoPur\u00ae anl\u00e4ggningen vid Aspa bruk \u00e4r nu i provdrift och resultaten hittills visar p\u00e5 en funktionalitet och reningsgrad som med god marginal klarar utlovade reduktionsniv\u00e5er p\u00e5 utg\u00e5ende vatten. Arbetet med utcheckning och intrimning av anl\u00e4ggningen ber\u00e4knas fortg\u00e5 under mars m\u00e5nad...<br \/><a href='https:\/\/axolotsolutions.com\/en\/investerare\/press-news\/positiv-uppstart-av-axopur-anlaggningen-pa-aspabruk\/'>L\u00e4s mer<\/a><\/div><div class='axolot_news'><i>2026-02-19<\/i><h4><a href=\"https:\/\/axolotsolutions.com\/en\/investerare\/press-news\/annu-en-order-pa-en-axopur-containeranlaggning\/\" title=\"\u00c4nnu en order p\u00e5 en AxoPur containeranl\u00e4ggning\">\u00c4nnu en order p\u00e5 en AxoPur containeranl\u00e4ggning<\/a><\/h4>Axolots partner- och intressebolag Mellifiq har s\u00e4krat ytterligare ett kontrakt p\u00e5 leverans av en containerbaserad AxoPur\u00ae anl\u00e4ggning, nu f\u00f6r rening och recirkulation av vatten vid en fiskodling i Sverige.Liksom f\u00f6r den anl\u00e4ggning som annonserades tidigare i veckan s\u00e5 f\u00f6rv\u00e4ntas denna...<br \/><a href='https:\/\/axolotsolutions.com\/en\/investerare\/press-news\/annu-en-order-pa-en-axopur-containeranlaggning\/'>L\u00e4s mer<\/a><\/div><div class='axolot_news'><i>2026-02-17<\/i><h4><a href=\"https:\/\/axolotsolutions.com\/en\/investerare\/press-news\/ny-order-pa-axopur-containeranlaggning\/\" title=\"Ny order p\u00e5 AxoPur containeranl\u00e4ggning\">Ny order p\u00e5 AxoPur containeranl\u00e4ggning<\/a><\/h4>Axolots partner- och intressebolag Mellifiq har s\u00e4krat ett kontrakt p\u00e5 leverans av en containerbaserad AxoPur\u00ae anl\u00e4ggning f\u00f6r rening och recirkulation av processvatten vid en st\u00f6rre verkstadsindustri i norra Sverige.Den nyckelf\u00e4rdiga enheten kommer att \u00e4gas och drivas av en v\u00e4letablerad entrepren\u00f6rsfirma...<br \/><a href='https:\/\/axolotsolutions.com\/en\/investerare\/press-news\/ny-order-pa-axopur-containeranlaggning\/'>L\u00e4s mer<\/a><\/div><div class='axolot_news'><i>2026-02-16<\/i><h4><a href=\"https:\/\/axolotsolutions.com\/en\/investerare\/press-news\/axolot-solutions-holding-ab-publ-nyttjandeperioden-for-teckningsoptioner-av-serie-to-5-inleds-idag\/\" title=\"Axolot Solutions Holding AB (publ): Nyttjandeperioden f\u00f6r teckningsoptioner av serie TO 5 inleds idag\">Axolot Solutions Holding AB (publ): Nyttjandeperioden f\u00f6r teckningsoptioner av serie TO 5 inleds idag<\/a><\/h4>Under november 2024 genomf\u00f6rde Axolot Solutions Holding AB (publ) (\u201dAxolot Holding\u201d eller \u201dBolaget\u201d) en f\u00f6retr\u00e4desemission av units som inkluderade teckningsoptioner av serie TO 5 (\u201dTeckningsoptionerna\u201d). Nyttjandeperioden f\u00f6r Teckningsoptionerna inleds idag den 16 februari 2026 och l\u00f6per fram till och med...<br \/><a href='https:\/\/axolotsolutions.com\/en\/investerare\/press-news\/axolot-solutions-holding-ab-publ-nyttjandeperioden-for-teckningsoptioner-av-serie-to-5-inleds-idag\/'>L\u00e4s mer<\/a><\/div><div class='axolot_news'><i>2026-02-13<\/i><h4><a href=\"https:\/\/axolotsolutions.com\/en\/investerare\/press-news\/ett-forsta-vatten-kort-genom-axopur-anlaggningen-i-aspa\/\" title=\"Ett f\u00f6rsta vatten k\u00f6rt genom AxoPur[\u00ae] anl\u00e4ggningen i Aspa\">Ett f\u00f6rsta vatten k\u00f6rt genom AxoPur[\u00ae] anl\u00e4ggningen i Aspa<\/a><\/h4>Aspa Bruks stora investering i en avancerad AxoPur vattenreningsanl\u00e4ggning vid massabruket i Olshammar har nu renat vatten f\u00f6r f\u00f6rsta g\u00e5ngen. F\u00e4rdigst\u00e4llandet av anl\u00e4ggningen, som byggts av Axolot Holdings intressebolag Mellifiq, \u00e4r inne i slutfasen d\u00e4r utcheckning och finjusteringar av alla...<br \/><a href='https:\/\/axolotsolutions.com\/en\/investerare\/press-news\/ett-forsta-vatten-kort-genom-axopur-anlaggningen-i-aspa\/'>L\u00e4s mer<\/a><\/div><div class='axolot_news'><i>2026-02-11<\/i><h4><a href=\"https:\/\/axolotsolutions.com\/en\/investerare\/press-news\/axolot-solutions-holding-ab-publ-bokslutskommunike-januari-december-2025\/\" title=\"Axolot Solutions Holding AB (publ) &#8211; Bokslutskommunik\u00e9 Januari-December 2025\">Axolot Solutions Holding AB (publ) &#8211; Bokslutskommunik\u00e9 Januari-December 2025<\/a><\/h4>Genom det strategiska partnerskap som etablerades med Mellifiq i oktober 2024 har Axolots teknik AxoPur\u00ae under det g\u00e5ngna \u00e5ret kunnat expandera stort p\u00e5 hemmaplan. Den internationella expansionen har samtidigt inletts genom marknadssatsningar i Latinamerika. Tv\u00e5 initiala projekt har presenterats i...<br \/><a href='https:\/\/axolotsolutions.com\/en\/investerare\/press-news\/axolot-solutions-holding-ab-publ-bokslutskommunike-januari-december-2025\/'>L\u00e4s mer<\/a><\/div><div class='axolot_news'><i>2026-01-20<\/i><h4><a href=\"https:\/\/axolotsolutions.com\/en\/investerare\/press-news\/axolot-solutions-holding-ab-meddelar-att-teckningsoptioner-av-serie-to-4-har-fulltecknats\/\" title=\"Axolot Solutions Holding AB meddelar att teckningsoptioner av serie TO 4 har fulltecknats\">Axolot Solutions Holding AB meddelar att teckningsoptioner av serie TO 4 har fulltecknats<\/a><\/h4>Axolot Solutions Holding AB (\"Axolot Holding\" eller \"Bolaget\") offentligg\u00f6r idag utfallet av nyttjandet av teckningsoptioner av serie TO 4 (\u201dTeckningsoptionerna\u201d). Totalt tecknades 7 280 701 aktier med st\u00f6d av Teckningsoptionerna, inneb\u00e4rande en nyttjandegrad om 100 procent. Axolot Holding tillf\u00f6rs cirka...<br \/><a href='https:\/\/axolotsolutions.com\/en\/investerare\/press-news\/axolot-solutions-holding-ab-meddelar-att-teckningsoptioner-av-serie-to-4-har-fulltecknats\/'>L\u00e4s mer<\/a><\/div><div class='axolot_news'><i>2026-01-08<\/i><h4><a href=\"https:\/\/axolotsolutions.com\/en\/investerare\/press-news\/axolot-solutions-holding-avtalar-om-pilotprojekt-for-stor-massatillverkare-i-sydamerika\/\" title=\"Axolot Solutions Holding avtalar om pilotprojekt f\u00f6r stor massatillverkare i Sydamerika\">Axolot Solutions Holding avtalar om pilotprojekt f\u00f6r stor massatillverkare i Sydamerika<\/a><\/h4>Axolot har ing\u00e5tt ett avtal med en av Sydamerikas st\u00f6rsta tillverkare av pappersmassa, om ett pilotprojekt f\u00f6r utv\u00e4rdering av Axolots teknik. Bolaget har ett behov av att finna nya och mer effektiva l\u00f6sningar f\u00f6r rening av ett antal olika processvatten....<br \/><a href='https:\/\/axolotsolutions.com\/en\/investerare\/press-news\/axolot-solutions-holding-avtalar-om-pilotprojekt-for-stor-massatillverkare-i-sydamerika\/'>L\u00e4s mer<\/a><\/div><div class='axolot_news'><i>2025-11-28<\/i><h4><a href=\"https:\/\/axolotsolutions.com\/en\/investerare\/press-news\/intervju-med-axolot-solutions-holding-abs-styrelseordforande-om-dagslaget-och-tankarna-runt-utvecklingen-kommande-ar\/\" title=\"Intervju med Axolot Solutions Holding AB:s styrelseordf\u00f6rande om dagsl\u00e4get och tankarna runt utvecklingen kommande \u00e5r\">Intervju med Axolot Solutions Holding AB:s styrelseordf\u00f6rande om dagsl\u00e4get och tankarna runt utvecklingen kommande \u00e5r<\/a><\/h4>Lennart Holm, bolagets grundare och arbetande styrelseordf\u00f6rande, intervjuas h\u00e4r av mediakonsulten Jacob Olsheden om l\u00e4get i bolaget och tankarna runt utvecklingen kommande \u00e5r.\u200b \u200bJacob: \u201d Jag har liksom m\u00e5nga andra f\u00f6ljt Axolot i ett antal \u00e5r och det finns \u200bm\u00e5nga...<br \/><a href='https:\/\/axolotsolutions.com\/en\/investerare\/press-news\/intervju-med-axolot-solutions-holding-abs-styrelseordforande-om-dagslaget-och-tankarna-runt-utvecklingen-kommande-ar\/'>L\u00e4s mer<\/a><\/div><div class='axolot_news'><i>2025-11-13<\/i><h4><a href=\"https:\/\/axolotsolutions.com\/en\/investerare\/press-news\/axolot-solutions-holding-soker-patent-pa-ny-sulfatreningsteknik\/\" title=\"Axolot Solutions Holding s\u00f6ker patent p\u00e5 ny sulfatreningsteknik\">Axolot Solutions Holding s\u00f6ker patent p\u00e5 ny sulfatreningsteknik<\/a><\/h4>Axolot har i dagarna patents\u00f6kt en ny reningsteknik f\u00f6r selektiv rening av sulfat. Tekniken kompletterar tidigare erh\u00e5llet patent och \u00f6ppnar upp f\u00f6r ytterligare applikationsomr\u00e5den. Patentet erbjuder m\u00f6jligheter att rena sulfat i industriella vatten till l\u00e5ga niv\u00e5er till en konkurrenskraftig kostnad....<br \/><a href='https:\/\/axolotsolutions.com\/en\/investerare\/press-news\/axolot-solutions-holding-soker-patent-pa-ny-sulfatreningsteknik\/'>L\u00e4s mer<\/a><\/div><div class='axolot_news'><i>2025-10-30<\/i><h4><a href=\"https:\/\/axolotsolutions.com\/en\/investerare\/press-news\/axolot-solutions-holding-ab-publ-informerar-om-arsstamma-2026-samt-valberedningens-medlemmar\/\" title=\"Axolot Solutions Holding AB (publ) informerar om \u00c5rsst\u00e4mma 2026 samt valberedningens medlemmar\">Axolot Solutions Holding AB (publ) informerar om \u00c5rsst\u00e4mma 2026 samt valberedningens medlemmar<\/a><\/h4>\u00c5rsst\u00e4mman 2026 i Axolot Solutions Holding AB (publ) kommer att h\u00e5llas tisdagen den 5 maj 2026 kl 10:00 i Genetor Kontorshotell, Kungstorget 8 i Helsingborg.Aktie\u00e4gare har r\u00e4tt att f\u00e5 ett \u00e4rende upptaget vid \u00e5rsst\u00e4mman om beg\u00e4ran har inkommit till styrelsen...<br \/><a href='https:\/\/axolotsolutions.com\/en\/investerare\/press-news\/axolot-solutions-holding-ab-publ-informerar-om-arsstamma-2026-samt-valberedningens-medlemmar\/'>L\u00e4s mer<\/a><\/div><div class='axolot_news'><i>2025-10-28<\/i><h4><a href=\"https:\/\/axolotsolutions.com\/en\/investerare\/press-news\/axolot-solutions-holding-ab-publ-delarsrapport-januari-september-2025\/\" title=\"Axolot Solutions Holding AB (publ) &#8211; Del\u00e5rsrapport Januari-September 2025\">Axolot Solutions Holding AB (publ) &#8211; Del\u00e5rsrapport Januari-September 2025<\/a><\/h4>Tv\u00e5 fulltecknade teckningsoptionsprogram, Aspa reaktorerna levererades&nbsp;enligt plan, samarbetena i Latinamerika utvecklas vidare och samtidigt har&nbsp;flera AxoPur kontrakt s\u00e4krats av Axolots intressebolag Mellifiq.Sammandrag av tredje kvartalet 2025 V\u00e4sentliga h\u00e4ndelser under tredje kvartalet Axolot levererade och installerade samtliga \u00e5tta AxoPur\u00ae reaktorer som...<br \/><a href='https:\/\/axolotsolutions.com\/en\/investerare\/press-news\/axolot-solutions-holding-ab-publ-delarsrapport-januari-september-2025\/'>L\u00e4s mer<\/a><\/div><span aria-current=\"page\" class=\"page-numbers current\">1<\/span>\n<a class=\"page-numbers\" href=\"https:\/\/axolotsolutions.com\/en\/wp-json\/wp\/v2\/page\/2\">2<\/a>\n<a class=\"page-numbers\" href=\"https:\/\/axolotsolutions.com\/en\/wp-json\/wp\/v2\/page\/3\">3<\/a>\n<a class=\"page-numbers\" href=\"https:\/\/axolotsolutions.com\/en\/wp-json\/wp\/v2\/page\/4\">4<\/a>\n<a class=\"page-numbers\" href=\"https:\/\/axolotsolutions.com\/en\/wp-json\/wp\/v2\/page\/5\">5<\/a>\n<a class=\"page-numbers\" href=\"https:\/\/axolotsolutions.com\/en\/wp-json\/wp\/v2\/page\/6\">6<\/a>\n<a class=\"page-numbers\" href=\"https:\/\/axolotsolutions.com\/en\/wp-json\/wp\/v2\/page\/7\">7<\/a>\n<a class=\"page-numbers\" href=\"https:\/\/axolotsolutions.com\/en\/wp-json\/wp\/v2\/page\/8\">8<\/a>\n<a class=\"page-numbers\" href=\"https:\/\/axolotsolutions.com\/en\/wp-json\/wp\/v2\/page\/9\">9<\/a>\n<a class=\"page-numbers\" href=\"https:\/\/axolotsolutions.com\/en\/wp-json\/wp\/v2\/page\/10\">10<\/a>\n<a class=\"page-numbers\" href=\"https:\/\/axolotsolutions.com\/en\/wp-json\/wp\/v2\/page\/11\">11<\/a>\n<a class=\"page-numbers\" href=\"https:\/\/axolotsolutions.com\/en\/wp-json\/wp\/v2\/page\/12\">12<\/a>\n<a class=\"page-numbers\" href=\"https:\/\/axolotsolutions.com\/en\/wp-json\/wp\/v2\/page\/13\">13<\/a>\n<a class=\"page-numbers\" href=\"https:\/\/axolotsolutions.com\/en\/wp-json\/wp\/v2\/page\/14\">14<\/a>\n<a class=\"page-numbers\" href=\"https:\/\/axolotsolutions.com\/en\/wp-json\/wp\/v2\/page\/15\">15<\/a>\n<a class=\"page-numbers\" href=\"https:\/\/axolotsolutions.com\/en\/wp-json\/wp\/v2\/page\/16\">16<\/a>\n<a class=\"next page-numbers\" href=\"https:\/\/axolotsolutions.com\/en\/wp-json\/wp\/v2\/page\/2\">N\u00e4sta \u00bb<\/a><\/div>[\/vc_column_text][\/vc_column][vc_column width=&#8221;1\/4&#8243;][vc_widget_sidebar sidebar_id=&#8221;News right sign-up&#8221;][\/vc_column][\/vc_row]<\/p>\n<\/div>","protected":false},"excerpt":{"rendered":"<p>[vc_row css_animation=&#8221;&#8221; row_type=&#8221;row&#8221; use_row_as_full_screen_section=&#8221;no&#8221; type=&#8221;full_width&#8221; angled_section=&#8221;no&#8221; text_align=&#8221;left&#8221; background_image_as_pattern=&#8221;without_pattern&#8221; css=&#8221;.vc_custom_1533816049947{padding-top: 40px !important;padding-bottom: 100px !important;}&#8221; z_index=&#8221;&#8221;][vc_column width=&#8221;1\/4&#8243;][vc_widget_sidebar sidebar_id=&#8221;News left menu&#8221;][\/vc_column][vc_column width=&#8221;1\/2&#8243;][vc_column_text] News \/ press releases [\/vc_column_text][vc_separator type=&#8221;normal&#8221; up=&#8221;30&#8243; down=&#8221;50&#8243;][vc_column_text][\/vc_column_text][\/vc_column][vc_column width=&#8221;1\/4&#8243;][vc_widget_sidebar sidebar_id=&#8221;News right sign-up&#8221;][\/vc_column][\/vc_row]<\/p>\n","protected":false},"author":3,"featured_media":0,"parent":20203,"menu_order":0,"comment_status":"closed","ping_status":"closed","template":"","meta":{"footnotes":""},"class_list":["post-20298","page","type-page","status-publish","hentry"],"_links":{"self":[{"href":"https:\/\/axolotsolutions.com\/en\/wp-json\/wp\/v2\/pages\/20298","targetHints":{"allow":["GET"]}}],"collection":[{"href":"https:\/\/axolotsolutions.com\/en\/wp-json\/wp\/v2\/pages"}],"about":[{"href":"https:\/\/axolotsolutions.com\/en\/wp-json\/wp\/v2\/types\/page"}],"author":[{"embeddable":true,"href":"https:\/\/axolotsolutions.com\/en\/wp-json\/wp\/v2\/users\/3"}],"replies":[{"embeddable":true,"href":"https:\/\/axolotsolutions.com\/en\/wp-json\/wp\/v2\/comments?post=20298"}],"version-history":[{"count":5,"href":"https:\/\/axolotsolutions.com\/en\/wp-json\/wp\/v2\/pages\/20298\/revisions"}],"predecessor-version":[{"id":20303,"href":"https:\/\/axolotsolutions.com\/en\/wp-json\/wp\/v2\/pages\/20298\/revisions\/20303"}],"up":[{"embeddable":true,"href":"https:\/\/axolotsolutions.com\/en\/wp-json\/wp\/v2\/pages\/20203"}],"wp:attachment":[{"href":"https:\/\/axolotsolutions.com\/en\/wp-json\/wp\/v2\/media?parent=20298"}],"curies":[{"name":"wp","href":"https:\/\/api.w.org\/{rel}","templated":true}]}}